{"id":293,"date":"2026-02-09T12:25:41","date_gmt":"2026-02-09T15:25:41","guid":{"rendered":"http:\/\/dioxoxigenio.com.br\/?page_id=293"},"modified":"2026-03-04T16:34:48","modified_gmt":"2026-03-04T19:34:48","slug":"quem-somos","status":"publish","type":"page","link":"http:\/\/dioxoxigenio.com.br\/index.php\/quem-somos\/","title":{"rendered":"Quem Somos"},"content":{"rendered":"\t\t<div data-elementor-type=\"wp-page\" data-elementor-id=\"293\" class=\"elementor elementor-293\" data-elementor-post-type=\"page\">\n\t\t\t\t<div class=\"elementor-element elementor-element-0caa586 e-flex e-con-boxed e-con e-parent\" data-id=\"0caa586\" data-element_type=\"container\">\n\t\t\t\t\t<div class=\"e-con-inner\">\n\t\t<div class=\"elementor-element elementor-element-3e9929a e-con-full e-flex e-con e-child\" data-id=\"3e9929a\" data-element_type=\"container\" data-settings=\"{&quot;background_background&quot;:&quot;classic&quot;}\">\n\t\t<div class=\"elementor-element elementor-element-8e5cc7b e-con-full e-flex e-con e-child\" data-id=\"8e5cc7b\" data-element_type=\"container\">\n\t\t<div class=\"elementor-element elementor-element-957a8ca e-con-full e-flex e-con e-child\" data-id=\"957a8ca\" data-element_type=\"container\">\n\t\t\t\t<div class=\"elementor-element elementor-element-2c53c63 elementor-widget elementor-widget-heading\" data-id=\"2c53c63\" data-element_type=\"widget\" data-widget_type=\"heading.default\">\n\t\t\t\t\t<h2 class=\"elementor-heading-title elementor-size-default\">Quem Somos<\/h2>\t\t\t\t<\/div>\n\t\t\t\t<div class=\"elementor-element elementor-element-b8ed824 elementor-widget-divider--view-line elementor-widget elementor-widget-divider\" data-id=\"b8ed824\" data-element_type=\"widget\" data-widget_type=\"divider.default\">\n\t\t\t\t\t\t\t<div class=\"elementor-divider\">\n\t\t\t<span class=\"elementor-divider-separator\">\n\t\t\t\t\t\t<\/span>\n\t\t<\/div>\n\t\t\t\t\t\t<\/div>\n\t\t\t\t<\/div>\n\t\t<div class=\"elementor-element elementor-element-03488af e-con-full e-flex e-con e-child\" data-id=\"03488af\" data-element_type=\"container\">\n\t\t\t\t<div class=\"elementor-element elementor-element-07d8c27 elementor-widget elementor-widget-text-editor\" data-id=\"07d8c27\" data-element_type=\"widget\" data-widget_type=\"text-editor.default\">\n\t\t\t\t\t\t\t\t\t<p><a href=\"http:\/\/dioxoxigenio.com.br\/\">home<\/a> \/ Quem Somos<\/p>\t\t\t\t\t\t\t\t<\/div>\n\t\t\t\t<\/div>\n\t\t\t\t<\/div>\n\t\t<div class=\"elementor-element elementor-element-d8d922b e-con-full e-flex e-con e-child\" data-id=\"d8d922b\" data-element_type=\"container\">\n\t\t\t\t<div class=\"elementor-element elementor-element-c2a2f41 animated-slow elementor-hidden-desktop elementor-hidden-tablet elementor-hidden-mobile elementor-invisible elementor-widget elementor-widget-image\" data-id=\"c2a2f41\" data-element_type=\"widget\" data-settings=\"{&quot;_animation&quot;:&quot;fadeInRight&quot;}\" data-widget_type=\"image.default\">\n\t\t\t\t\t\t\t\t\t\t\t\t\t\t\t<img fetchpriority=\"high\" decoding=\"async\" width=\"557\" height=\"135\" src=\"http:\/\/dioxoxigenio.com.br\/wp-content\/uploads\/2026\/02\/caminhao-diox.png\" class=\"attachment-medium_large size-medium_large wp-image-108\" alt=\"\" srcset=\"http:\/\/dioxoxigenio.com.br\/wp-content\/uploads\/2026\/02\/caminhao-diox.png 557w, http:\/\/dioxoxigenio.com.br\/wp-content\/uploads\/2026\/02\/caminhao-diox-300x73.png 300w\" sizes=\"(max-width: 557px) 100vw, 557px\" \/>\t\t\t\t\t\t\t\t\t\t\t\t\t\t\t<\/div>\n\t\t\t\t<\/div>\n\t\t<div class=\"elementor-element elementor-element-f803abd e-con-full e-flex e-con e-child\" data-id=\"f803abd\" data-element_type=\"container\">\n\t\t<div class=\"elementor-element elementor-element-2e78ade e-con-full e-flex e-con e-child\" data-id=\"2e78ade\" data-element_type=\"container\">\n\t\t\t\t<div class=\"elementor-element elementor-element-9a2b973 elementor-widget elementor-widget-heading\" data-id=\"9a2b973\" data-element_type=\"widget\" data-widget_type=\"heading.default\">\n\t\t\t\t\t<h2 class=\"elementor-heading-title elementor-size-default\">Com mais de 33 anos de experi\u00eancia, os PILARES de trabalho da DIOX s\u00e3o: \u00c9tica, transpar\u00eancia, qualidade e seguran\u00e7a, com pre\u00e7os justos.<\/h2>\t\t\t\t<\/div>\n\t\t\t\t<div class=\"elementor-element elementor-element-1e92d9b elementor-widget elementor-widget-heading\" data-id=\"1e92d9b\" data-element_type=\"widget\" data-widget_type=\"heading.default\">\n\t\t\t\t\t<h2 class=\"elementor-heading-title elementor-size-default\">A institui\u00e7\u00e3o<\/h2>\t\t\t\t<\/div>\n\t\t\t\t<div class=\"elementor-element elementor-element-77f67e2 elementor-widget elementor-widget-text-editor\" data-id=\"77f67e2\" data-element_type=\"widget\" data-widget_type=\"text-editor.default\">\n\t\t\t\t\t\t\t\t\t<p>A DIOX atua h\u00e1 mais de 33 anos no mercado de gases medicinais e industriais, consolidando-se como uma das principais fornecedoras do setor na Bahia. A empresa disp\u00f5e de plantas de enchimento estrategicamente localizadas: no Centro Industrial de Aratu (CIA), em Sim\u00f5es Filho-BA, na matriz em Vit\u00f3ria da Conquista-BA, na filial de Juazeiro-BA e, em breve, em Luiz Eduardo Magalh\u00e3es-BA.<\/p><p>Com uma rede de revendas presente em todas as regi\u00f5es do estado, a DIOX garante capilaridade e efici\u00eancia log\u00edstica. Para competir em um mercado altamente especializado, firmou parceria com a multinacional MESSER (antiga AGA\/LINDE), assegurando o fornecimento de oxig\u00eanio l\u00edquido produzido em sua moderna planta de Cama\u00e7ari-BA.<\/p>\t\t\t\t\t\t\t\t<\/div>\n\t\t\t\t<\/div>\n\t\t<div class=\"elementor-element elementor-element-e46d570 e-con-full e-flex e-con e-child\" data-id=\"e46d570\" data-element_type=\"container\">\n\t\t\t\t<div class=\"elementor-element elementor-element-b50a4a7 elementor-widget__width-initial animated-slow elementor-invisible elementor-widget elementor-widget-image\" data-id=\"b50a4a7\" data-element_type=\"widget\" data-settings=\"{&quot;_animation&quot;:&quot;bounceInUp&quot;}\" data-widget_type=\"image.default\">\n\t\t\t\t\t\t\t\t\t\t\t\t\t\t\t<img decoding=\"async\" width=\"800\" height=\"600\" src=\"http:\/\/dioxoxigenio.com.br\/wp-content\/uploads\/2026\/03\/WhatsApp-Image-2026-02-10-at-20.39.20-1024x768.jpeg\" class=\"attachment-large size-large wp-image-451\" alt=\"\" srcset=\"http:\/\/dioxoxigenio.com.br\/wp-content\/uploads\/2026\/03\/WhatsApp-Image-2026-02-10-at-20.39.20-1024x768.jpeg 1024w, http:\/\/dioxoxigenio.com.br\/wp-content\/uploads\/2026\/03\/WhatsApp-Image-2026-02-10-at-20.39.20-300x225.jpeg 300w, http:\/\/dioxoxigenio.com.br\/wp-content\/uploads\/2026\/03\/WhatsApp-Image-2026-02-10-at-20.39.20-768x576.jpeg 768w, http:\/\/dioxoxigenio.com.br\/wp-content\/uploads\/2026\/03\/WhatsApp-Image-2026-02-10-at-20.39.20-1536x1152.jpeg 1536w, http:\/\/dioxoxigenio.com.br\/wp-content\/uploads\/2026\/03\/WhatsApp-Image-2026-02-10-at-20.39.20.jpeg 1600w\" sizes=\"(max-width: 800px) 100vw, 800px\" \/>\t\t\t\t\t\t\t\t\t\t\t\t\t\t\t<\/div>\n\t\t\t\t<div class=\"elementor-element elementor-element-49a8fad animated-fast elementor-invisible elementor-widget elementor-widget-image\" data-id=\"49a8fad\" data-element_type=\"widget\" data-settings=\"{&quot;_animation&quot;:&quot;bounceInUp&quot;}\" data-widget_type=\"image.default\">\n\t\t\t\t\t\t\t\t\t\t\t\t\t\t\t<img decoding=\"async\" width=\"768\" height=\"767\" src=\"http:\/\/dioxoxigenio.com.br\/wp-content\/uploads\/2026\/03\/02.jpg\" class=\"attachment-large size-large wp-image-595\" alt=\"\" srcset=\"http:\/\/dioxoxigenio.com.br\/wp-content\/uploads\/2026\/03\/02.jpg 768w, http:\/\/dioxoxigenio.com.br\/wp-content\/uploads\/2026\/03\/02-300x300.jpg 300w, http:\/\/dioxoxigenio.com.br\/wp-content\/uploads\/2026\/03\/02-150x150.jpg 150w\" sizes=\"(max-width: 768px) 100vw, 768px\" \/>\t\t\t\t\t\t\t\t\t\t\t\t\t\t\t<\/div>\n\t\t\t\t<\/div>\n\t\t\t\t<\/div>\n\t\t<div class=\"elementor-element elementor-element-df77ce4 e-con-full e-flex e-con e-child\" data-id=\"df77ce4\" data-element_type=\"container\">\n\t\t<div class=\"elementor-element elementor-element-4ebf415 e-con-full e-flex e-con e-child\" data-id=\"4ebf415\" data-element_type=\"container\">\n\t\t\t\t<div class=\"elementor-element elementor-element-75d0b66 elementor-widget elementor-widget-gallery\" data-id=\"75d0b66\" data-element_type=\"widget\" data-settings=\"{&quot;columns&quot;:2,&quot;gap&quot;:{&quot;unit&quot;:&quot;px&quot;,&quot;size&quot;:20,&quot;sizes&quot;:[]},&quot;aspect_ratio&quot;:&quot;21:9&quot;,&quot;image_hover_animation&quot;:&quot;grow&quot;,&quot;lazyload&quot;:&quot;yes&quot;,&quot;gallery_layout&quot;:&quot;grid&quot;,&quot;columns_tablet&quot;:2,&quot;columns_mobile&quot;:1,&quot;gap_tablet&quot;:{&quot;unit&quot;:&quot;px&quot;,&quot;size&quot;:10,&quot;sizes&quot;:[]},&quot;gap_mobile&quot;:{&quot;unit&quot;:&quot;px&quot;,&quot;size&quot;:10,&quot;sizes&quot;:[]},&quot;link_to&quot;:&quot;file&quot;,&quot;overlay_background&quot;:&quot;yes&quot;,&quot;content_hover_animation&quot;:&quot;fade-in&quot;}\" data-widget_type=\"gallery.default\">\n\t\t\t\t\t\t\t<div class=\"elementor-gallery__container\">\n\t\t\t\t\t\t\t<a class=\"e-gallery-item elementor-gallery-item elementor-animated-content\" href=\"http:\/\/dioxoxigenio.com.br\/wp-content\/uploads\/2026\/03\/WhatsApp-Image-2026-02-10-at-20.39.19-1.jpeg\" data-elementor-open-lightbox=\"yes\" data-elementor-lightbox-slideshow=\"75d0b66\" data-elementor-lightbox-title=\"WhatsApp Image 2026-02-10 at 20.39.19 (1)\" data-e-action-hash=\"#elementor-action%3Aaction%3Dlightbox%26settings%3DeyJpZCI6NDQ4LCJ1cmwiOiJodHRwOlwvXC9kaW94b3hpZ2VuaW8uY29tLmJyXC93cC1jb250ZW50XC91cGxvYWRzXC8yMDI2XC8wM1wvV2hhdHNBcHAtSW1hZ2UtMjAyNi0wMi0xMC1hdC0yMC4zOS4xOS0xLmpwZWciLCJzbGlkZXNob3ciOiI3NWQwYjY2In0%3D\">\n\t\t\t\t\t<div class=\"e-gallery-image elementor-gallery-item__image\" data-thumbnail=\"http:\/\/dioxoxigenio.com.br\/wp-content\/uploads\/2026\/03\/WhatsApp-Image-2026-02-10-at-20.39.19-1-1024x768.jpeg\" data-width=\"800\" data-height=\"600\" aria-label=\"\" role=\"img\" ><\/div>\n\t\t\t\t\t\t\t\t\t\t\t<div class=\"elementor-gallery-item__overlay\"><\/div>\n\t\t\t\t\t\t\t\t\t\t\t\t\t\t<\/a>\n\t\t\t\t\t\t\t<a class=\"e-gallery-item elementor-gallery-item elementor-animated-content\" href=\"http:\/\/dioxoxigenio.com.br\/wp-content\/uploads\/2026\/03\/WhatsApp-Image-2026-02-10-at-20.39.19-2.jpeg\" data-elementor-open-lightbox=\"yes\" data-elementor-lightbox-slideshow=\"75d0b66\" data-elementor-lightbox-title=\"WhatsApp Image 2026-02-10 at 20.39.19 (2)\" data-e-action-hash=\"#elementor-action%3Aaction%3Dlightbox%26settings%3DeyJpZCI6NDQ5LCJ1cmwiOiJodHRwOlwvXC9kaW94b3hpZ2VuaW8uY29tLmJyXC93cC1jb250ZW50XC91cGxvYWRzXC8yMDI2XC8wM1wvV2hhdHNBcHAtSW1hZ2UtMjAyNi0wMi0xMC1hdC0yMC4zOS4xOS0yLmpwZWciLCJzbGlkZXNob3ciOiI3NWQwYjY2In0%3D\">\n\t\t\t\t\t<div class=\"e-gallery-image elementor-gallery-item__image\" data-thumbnail=\"http:\/\/dioxoxigenio.com.br\/wp-content\/uploads\/2026\/03\/WhatsApp-Image-2026-02-10-at-20.39.19-2-1024x768.jpeg\" data-width=\"800\" data-height=\"600\" aria-label=\"\" role=\"img\" ><\/div>\n\t\t\t\t\t\t\t\t\t\t\t<div class=\"elementor-gallery-item__overlay\"><\/div>\n\t\t\t\t\t\t\t\t\t\t\t\t\t\t<\/a>\n\t\t\t\t\t\t\t<a class=\"e-gallery-item elementor-gallery-item elementor-animated-content\" href=\"http:\/\/dioxoxigenio.com.br\/wp-content\/uploads\/2026\/03\/WhatsApp-Image-2026-02-10-at-20.39.19.jpeg\" data-elementor-open-lightbox=\"yes\" data-elementor-lightbox-slideshow=\"75d0b66\" data-elementor-lightbox-title=\"WhatsApp Image 2026-02-10 at 20.39.19\" data-e-action-hash=\"#elementor-action%3Aaction%3Dlightbox%26settings%3DeyJpZCI6NDUwLCJ1cmwiOiJodHRwOlwvXC9kaW94b3hpZ2VuaW8uY29tLmJyXC93cC1jb250ZW50XC91cGxvYWRzXC8yMDI2XC8wM1wvV2hhdHNBcHAtSW1hZ2UtMjAyNi0wMi0xMC1hdC0yMC4zOS4xOS5qcGVnIiwic2xpZGVzaG93IjoiNzVkMGI2NiJ9\">\n\t\t\t\t\t<div class=\"e-gallery-image elementor-gallery-item__image\" data-thumbnail=\"http:\/\/dioxoxigenio.com.br\/wp-content\/uploads\/2026\/03\/WhatsApp-Image-2026-02-10-at-20.39.19-1024x768.jpeg\" data-width=\"800\" data-height=\"600\" aria-label=\"\" role=\"img\" ><\/div>\n\t\t\t\t\t\t\t\t\t\t\t<div class=\"elementor-gallery-item__overlay\"><\/div>\n\t\t\t\t\t\t\t\t\t\t\t\t\t\t<\/a>\n\t\t\t\t\t\t\t<a class=\"e-gallery-item elementor-gallery-item elementor-animated-content\" href=\"http:\/\/dioxoxigenio.com.br\/wp-content\/uploads\/2026\/03\/WhatsApp-Image-2026-02-10-at-20.39.20.jpeg\" data-elementor-open-lightbox=\"yes\" data-elementor-lightbox-slideshow=\"75d0b66\" data-elementor-lightbox-title=\"WhatsApp Image 2026-02-10 at 20.39.20\" data-e-action-hash=\"#elementor-action%3Aaction%3Dlightbox%26settings%3DeyJpZCI6NDUxLCJ1cmwiOiJodHRwOlwvXC9kaW94b3hpZ2VuaW8uY29tLmJyXC93cC1jb250ZW50XC91cGxvYWRzXC8yMDI2XC8wM1wvV2hhdHNBcHAtSW1hZ2UtMjAyNi0wMi0xMC1hdC0yMC4zOS4yMC5qcGVnIiwic2xpZGVzaG93IjoiNzVkMGI2NiJ9\">\n\t\t\t\t\t<div class=\"e-gallery-image elementor-gallery-item__image\" data-thumbnail=\"http:\/\/dioxoxigenio.com.br\/wp-content\/uploads\/2026\/03\/WhatsApp-Image-2026-02-10-at-20.39.20-1024x768.jpeg\" data-width=\"800\" data-height=\"600\" aria-label=\"\" role=\"img\" ><\/div>\n\t\t\t\t\t\t\t\t\t\t\t<div class=\"elementor-gallery-item__overlay\"><\/div>\n\t\t\t\t\t\t\t\t\t\t\t\t\t\t<\/a>\n\t\t\t\t\t<\/div>\n\t\t\t\t\t<\/div>\n\t\t\t\t<div class=\"elementor-element elementor-element-40169a5 elementor-widget elementor-widget-text-editor\" data-id=\"40169a5\" data-element_type=\"widget\" data-widget_type=\"text-editor.default\">\n\t\t\t\t\t\t\t\t\t<ul><li>Instala\u00e7\u00e3o de Tanque Criog\u00eanico &#8211; Hospital Paulo Afonso &#8211; BA<\/li><\/ul>\t\t\t\t\t\t\t\t<\/div>\n\t\t\t\t<\/div>\n\t\t\t\t<div class=\"elementor-element elementor-element-81b274b elementor-widget elementor-widget-heading\" data-id=\"81b274b\" data-element_type=\"widget\" data-widget_type=\"heading.default\">\n\t\t\t\t\t<h2 class=\"elementor-heading-title elementor-size-default\">Miss\u00e3o<\/h2>\t\t\t\t<\/div>\n\t\t\t\t<div class=\"elementor-element elementor-element-05303f3 elementor-widget elementor-widget-text-editor\" data-id=\"05303f3\" data-element_type=\"widget\" data-widget_type=\"text-editor.default\">\n\t\t\t\t\t\t\t\t\t<p>Com a car\u00eancia de concorr\u00eancia no setor de fornecimento de gases no estado da Bahia, a <strong>DIOX<\/strong> tem compromisso de fornecer solu\u00e7\u00f5es em gases industriais e medicinais de alta qualidade, atendendo \u00e0s necessidades de nossos clientes em qualquer escala de forneceimento. Contamos com parceria exclusiva da multinacional <strong>MESSER<\/strong> (l\u00edder em gases industriais e medicinais nas Am\u00e9ricas do Norte e Sul), distribuindo de forma autorizada para todo o Brasil.<\/p>\t\t\t\t\t\t\t\t<\/div>\n\t\t\t\t<\/div>\n\t\t<div class=\"elementor-element elementor-element-4300467 e-con-full e-flex e-con e-child\" data-id=\"4300467\" data-element_type=\"container\">\n\t\t\t\t<div class=\"elementor-element elementor-element-a04a343 elementor-widget elementor-widget-heading\" data-id=\"a04a343\" data-element_type=\"widget\" data-widget_type=\"heading.default\">\n\t\t\t\t\t<h2 class=\"elementor-heading-title elementor-size-default\">Vis\u00e3o<\/h2>\t\t\t\t<\/div>\n\t\t\t\t<div class=\"elementor-element elementor-element-75cfef4 elementor-widget elementor-widget-text-editor\" data-id=\"75cfef4\" data-element_type=\"widget\" data-widget_type=\"text-editor.default\">\n\t\t\t\t\t\t\t\t\t<p>Ser reconhecida at\u00e9 2030 como refer\u00eancia no com\u00e9rcio e distribui\u00e7\u00e3o de gases industriais e medicinais do interior da Bahia.<\/p>\t\t\t\t\t\t\t\t<\/div>\n\t\t\t\t<\/div>\n\t\t<div class=\"elementor-element elementor-element-c714e41 e-con-full e-flex e-con e-child\" data-id=\"c714e41\" data-element_type=\"container\">\n\t\t\t\t<div class=\"elementor-element elementor-element-967ab3a elementor-widget elementor-widget-heading\" data-id=\"967ab3a\" data-element_type=\"widget\" data-widget_type=\"heading.default\">\n\t\t\t\t\t<h2 class=\"elementor-heading-title elementor-size-default\">Valores<\/h2>\t\t\t\t<\/div>\n\t\t\t\t<div class=\"elementor-element elementor-element-6b0d828 elementor-widget elementor-widget-text-editor\" data-id=\"6b0d828\" data-element_type=\"widget\" data-widget_type=\"text-editor.default\">\n\t\t\t\t\t\t\t\t\t<p>\u2022 Respeito: desenvolvendo nosso trabalho com \u00e9tica, compromisso e honestidade, valorizando nossos clientes, fornecedores e colaboradores.<\/p><p>\u2022 Inova\u00e7\u00e3o: buscando constantemente solu\u00e7\u00f5es inovadoras com ousadia e determina\u00e7\u00e3o, visando o aperfei\u00e7oamento dos nossos servi\u00e7os e a qualidade do nosso produto.<\/p><p>\u2022 Vis\u00e3o estrat\u00e9gica: desenvolvendo nosso trabalho com planejamento, a\u00e7\u00e3o e confian\u00e7a,com base na obten\u00e7\u00e3o de resultados.<\/p><p>\u2022 Transpar\u00eancia: realizando nossos procedimentos com franqueza, sempre buscando a excel\u00eancia no atendimento. Faz parte deste processo reconhecer nossas imperfei\u00e7\u00f5es e compartilhar d\u00favidas e a busca por respostas.<\/p>\t\t\t\t\t\t\t\t<\/div>\n\t\t\t\t<\/div>\n\t\t\t\t<\/div>\n\t\t\t\t\t<\/div>\n\t\t\t\t<\/div>\n\t\t\t\t<\/div>\n\t\t","protected":false},"excerpt":{"rendered":"<p>Quem Somos home \/ Quem Somos Com mais de 33 anos de experi\u00eancia, os PILARES de trabalho da DIOX s\u00e3o: \u00c9tica, transpar\u00eancia, qualidade e seguran\u00e7a, com pre\u00e7os justos. A institui\u00e7\u00e3o A DIOX atua h\u00e1 mais de 33 anos no mercado de gases medicinais e industriais, consolidando-se como uma das principais fornecedoras do setor na Bahia. [&hellip;]<\/p>\n","protected":false},"author":1,"featured_media":0,"parent":0,"menu_order":0,"comment_status":"closed","ping_status":"closed","template":"","meta":{"footnotes":""},"class_list":["post-293","page","type-page","status-publish","hentry"],"_links":{"self":[{"href":"http:\/\/dioxoxigenio.com.br\/index.php\/wp-json\/wp\/v2\/pages\/293","targetHints":{"allow":["GET"]}}],"collection":[{"href":"http:\/\/dioxoxigenio.com.br\/index.php\/wp-json\/wp\/v2\/pages"}],"about":[{"href":"http:\/\/dioxoxigenio.com.br\/index.php\/wp-json\/wp\/v2\/types\/page"}],"author":[{"embeddable":true,"href":"http:\/\/dioxoxigenio.com.br\/index.php\/wp-json\/wp\/v2\/users\/1"}],"replies":[{"embeddable":true,"href":"http:\/\/dioxoxigenio.com.br\/index.php\/wp-json\/wp\/v2\/comments?post=293"}],"version-history":[{"count":40,"href":"http:\/\/dioxoxigenio.com.br\/index.php\/wp-json\/wp\/v2\/pages\/293\/revisions"}],"predecessor-version":[{"id":604,"href":"http:\/\/dioxoxigenio.com.br\/index.php\/wp-json\/wp\/v2\/pages\/293\/revisions\/604"}],"wp:attachment":[{"href":"http:\/\/dioxoxigenio.com.br\/index.php\/wp-json\/wp\/v2\/media?parent=293"}],"curies":[{"name":"wp","href":"https:\/\/api.w.org\/{rel}","templated":true}]}}