{"id":287,"date":"2026-02-09T11:40:30","date_gmt":"2026-02-09T14:40:30","guid":{"rendered":"http:\/\/dioxoxigenio.com.br\/?page_id=287"},"modified":"2026-02-09T13:30:57","modified_gmt":"2026-02-09T16:30:57","slug":"blog","status":"publish","type":"page","link":"http:\/\/dioxoxigenio.com.br\/index.php\/blog\/","title":{"rendered":"Blog"},"content":{"rendered":"\t\t<div data-elementor-type=\"wp-page\" data-elementor-id=\"287\" class=\"elementor elementor-287\" data-elementor-post-type=\"page\">\n\t\t\t\t<div class=\"elementor-element elementor-element-42a4d31 e-flex e-con-boxed e-con e-parent\" data-id=\"42a4d31\" data-element_type=\"container\">\n\t\t\t\t\t<div class=\"e-con-inner\">\n\t\t<div class=\"elementor-element elementor-element-e4b460a e-con-full e-flex e-con e-child\" data-id=\"e4b460a\" data-element_type=\"container\" data-settings=\"{&quot;background_background&quot;:&quot;classic&quot;}\">\n\t\t<div class=\"elementor-element elementor-element-694efce e-con-full e-flex e-con e-child\" data-id=\"694efce\" data-element_type=\"container\">\n\t\t<div class=\"elementor-element elementor-element-94ef0e2 e-con-full e-flex e-con e-child\" data-id=\"94ef0e2\" data-element_type=\"container\">\n\t\t\t\t<div class=\"elementor-element elementor-element-52e7cb8 elementor-widget elementor-widget-heading\" data-id=\"52e7cb8\" data-element_type=\"widget\" data-widget_type=\"heading.default\">\n\t\t\t\t\t<h2 class=\"elementor-heading-title elementor-size-default\">Diox Publica\u00e7\u00f5es<\/h2>\t\t\t\t<\/div>\n\t\t\t\t<div class=\"elementor-element elementor-element-86c8d9c elementor-widget-divider--view-line elementor-widget elementor-widget-divider\" data-id=\"86c8d9c\" data-element_type=\"widget\" data-widget_type=\"divider.default\">\n\t\t\t\t\t\t\t<div class=\"elementor-divider\">\n\t\t\t<span class=\"elementor-divider-separator\">\n\t\t\t\t\t\t<\/span>\n\t\t<\/div>\n\t\t\t\t\t\t<\/div>\n\t\t\t\t<\/div>\n\t\t<div class=\"elementor-element elementor-element-fc21aa9 e-con-full e-flex e-con e-child\" data-id=\"fc21aa9\" data-element_type=\"container\">\n\t\t\t\t<div class=\"elementor-element elementor-element-223db8a elementor-widget elementor-widget-text-editor\" data-id=\"223db8a\" data-element_type=\"widget\" data-widget_type=\"text-editor.default\">\n\t\t\t\t\t\t\t\t\t<p><a href=\"http:\/\/dioxoxigenio.com.br\/\">home<\/a> \/ Diox publica\u00e7\u00f5es<\/p>\t\t\t\t\t\t\t\t<\/div>\n\t\t\t\t<\/div>\n\t\t\t\t<\/div>\n\t\t<div class=\"elementor-element elementor-element-165bd02 e-con-full e-flex e-con e-child\" data-id=\"165bd02\" data-element_type=\"container\">\n\t\t\t\t<div class=\"elementor-element elementor-element-8b90473 animated-slow elementor-invisible elementor-widget elementor-widget-image\" data-id=\"8b90473\" data-element_type=\"widget\" data-settings=\"{&quot;_animation&quot;:&quot;fadeInRight&quot;}\" data-widget_type=\"image.default\">\n\t\t\t\t\t\t\t\t\t\t\t\t\t\t\t<img fetchpriority=\"high\" decoding=\"async\" width=\"557\" height=\"135\" src=\"http:\/\/dioxoxigenio.com.br\/wp-content\/uploads\/2026\/02\/caminhao-diox.png\" class=\"attachment-medium_large size-medium_large wp-image-108\" alt=\"\" srcset=\"http:\/\/dioxoxigenio.com.br\/wp-content\/uploads\/2026\/02\/caminhao-diox.png 557w, http:\/\/dioxoxigenio.com.br\/wp-content\/uploads\/2026\/02\/caminhao-diox-300x73.png 300w\" sizes=\"(max-width: 557px) 100vw, 557px\" \/>\t\t\t\t\t\t\t\t\t\t\t\t\t\t\t<\/div>\n\t\t\t\t<\/div>\n\t\t<div class=\"elementor-element elementor-element-31c39d8 e-con-full e-flex e-con e-child\" data-id=\"31c39d8\" data-element_type=\"container\">\n\t\t\t\t<div class=\"elementor-element elementor-element-019d93f elementor-grid-3 elementor-grid-tablet-2 elementor-grid-mobile-1 elementor-posts--thumbnail-top elementor-widget elementor-widget-posts\" data-id=\"019d93f\" data-element_type=\"widget\" data-settings=\"{&quot;classic_columns&quot;:&quot;3&quot;,&quot;classic_columns_tablet&quot;:&quot;2&quot;,&quot;classic_columns_mobile&quot;:&quot;1&quot;,&quot;classic_row_gap&quot;:{&quot;unit&quot;:&quot;px&quot;,&quot;size&quot;:35,&quot;sizes&quot;:[]},&quot;classic_row_gap_tablet&quot;:{&quot;unit&quot;:&quot;px&quot;,&quot;size&quot;:&quot;&quot;,&quot;sizes&quot;:[]},&quot;classic_row_gap_mobile&quot;:{&quot;unit&quot;:&quot;px&quot;,&quot;size&quot;:&quot;&quot;,&quot;sizes&quot;:[]}}\" data-widget_type=\"posts.classic\">\n\t\t\t\t<div class=\"elementor-widget-container\">\n\t\t\t\t\t\t\t<div class=\"elementor-posts-container elementor-posts elementor-posts--skin-classic elementor-grid\" role=\"list\">\n\t\t\t\t<article class=\"elementor-post elementor-grid-item post-285 post type-post status-publish format-standard has-post-thumbnail hentry category-servicos-tecnicos-com-gases-medicinais-industriais tag-instalacao-de-gases-medicinais tag-manutencao-de-redes-de-gases\" role=\"listitem\">\n\t\t\t\t<a class=\"elementor-post__thumbnail__link\" href=\"http:\/\/dioxoxigenio.com.br\/index.php\/2026\/02\/09\/servicos-tecnicos-em-gases-instalacao-manutencao-e-seguranca-operacional\/\" tabindex=\"-1\" >\n\t\t\t<div class=\"elementor-post__thumbnail\"><img decoding=\"async\" width=\"300\" height=\"158\" src=\"http:\/\/dioxoxigenio.com.br\/wp-content\/uploads\/2026\/02\/ft4-300x158.jpg\" class=\"attachment-medium size-medium wp-image-136\" alt=\"\" srcset=\"http:\/\/dioxoxigenio.com.br\/wp-content\/uploads\/2026\/02\/ft4-300x158.jpg 300w, http:\/\/dioxoxigenio.com.br\/wp-content\/uploads\/2026\/02\/ft4-768x404.jpg 768w, http:\/\/dioxoxigenio.com.br\/wp-content\/uploads\/2026\/02\/ft4.jpg 1000w\" sizes=\"(max-width: 300px) 100vw, 300px\" \/><\/div>\n\t\t<\/a>\n\t\t\t\t<div class=\"elementor-post__text\">\n\t\t\t\t<h3 class=\"elementor-post__title\">\n\t\t\t<a href=\"http:\/\/dioxoxigenio.com.br\/index.php\/2026\/02\/09\/servicos-tecnicos-em-gases-instalacao-manutencao-e-seguranca-operacional\/\" >\n\t\t\t\tServi\u00e7os T\u00e9cnicos em Gases: Instala\u00e7\u00e3o, Manuten\u00e7\u00e3o e Seguran\u00e7a Operacional\t\t\t<\/a>\n\t\t<\/h3>\n\t\t\t\t<div class=\"elementor-post__excerpt\">\n\t\t\t<p>Al\u00e9m do fornecimento de gases, os servi\u00e7os t\u00e9cnicos especializados s\u00e3o fundamentais para garantir o funcionamento seguro e eficiente de sistemas de gases industriais e medicinais. O que s\u00e3o servi\u00e7os t\u00e9cnicos em gases? Incluem: Import\u00e2ncia da manuten\u00e7\u00e3o especializada A manuten\u00e7\u00e3o adequada<\/p>\n\t\t<\/div>\n\t\t\n\t\t<a class=\"elementor-post__read-more\" href=\"http:\/\/dioxoxigenio.com.br\/index.php\/2026\/02\/09\/servicos-tecnicos-em-gases-instalacao-manutencao-e-seguranca-operacional\/\" aria-label=\"Read more about Servi\u00e7os T\u00e9cnicos em Gases: Instala\u00e7\u00e3o, Manuten\u00e7\u00e3o e Seguran\u00e7a Operacional\" tabindex=\"-1\" >\n\t\t\tLeia mais \u00bb\t\t<\/a>\n\n\t\t\t\t<\/div>\n\t\t\t\t<\/article>\n\t\t\t\t<article class=\"elementor-post elementor-grid-item post-283 post type-post status-publish format-standard has-post-thumbnail hentry category-equipamentos-para-gasoterapia tag-equipamentos-para-gasoterapia tag-oxigenoterapia\" role=\"listitem\">\n\t\t\t\t<a class=\"elementor-post__thumbnail__link\" href=\"http:\/\/dioxoxigenio.com.br\/index.php\/2026\/02\/09\/gasoterapia-o-que-e-como-funciona-e-quais-equipamentos-sao-utilizados\/\" tabindex=\"-1\" >\n\t\t\t<div class=\"elementor-post__thumbnail\"><img decoding=\"async\" width=\"300\" height=\"200\" src=\"http:\/\/dioxoxigenio.com.br\/wp-content\/uploads\/2026\/02\/3-300x200.jpg\" class=\"attachment-medium size-medium wp-image-279\" alt=\"\" srcset=\"http:\/\/dioxoxigenio.com.br\/wp-content\/uploads\/2026\/02\/3-300x200.jpg 300w, http:\/\/dioxoxigenio.com.br\/wp-content\/uploads\/2026\/02\/3-768x513.jpg 768w, http:\/\/dioxoxigenio.com.br\/wp-content\/uploads\/2026\/02\/3.jpg 1000w\" sizes=\"(max-width: 300px) 100vw, 300px\" \/><\/div>\n\t\t<\/a>\n\t\t\t\t<div class=\"elementor-post__text\">\n\t\t\t\t<h3 class=\"elementor-post__title\">\n\t\t\t<a href=\"http:\/\/dioxoxigenio.com.br\/index.php\/2026\/02\/09\/gasoterapia-o-que-e-como-funciona-e-quais-equipamentos-sao-utilizados\/\" >\n\t\t\t\tGasoterapia: O Que \u00c9, Como Funciona e Quais Equipamentos S\u00e3o Utilizados\t\t\t<\/a>\n\t\t<\/h3>\n\t\t\t\t<div class=\"elementor-post__excerpt\">\n\t\t\t<p>A gasoterapia \u00e9 um tratamento amplamente utilizado para pacientes que necessitam de suporte respirat\u00f3rio. Ela melhora a oxigena\u00e7\u00e3o do organismo e a qualidade de vida. O que \u00e9 gasoterapia? Gasoterapia \u00e9 a administra\u00e7\u00e3o controlada de gases medicinais, principalmente oxig\u00eanio, para<\/p>\n\t\t<\/div>\n\t\t\n\t\t<a class=\"elementor-post__read-more\" href=\"http:\/\/dioxoxigenio.com.br\/index.php\/2026\/02\/09\/gasoterapia-o-que-e-como-funciona-e-quais-equipamentos-sao-utilizados\/\" aria-label=\"Read more about Gasoterapia: O Que \u00c9, Como Funciona e Quais Equipamentos S\u00e3o Utilizados\" tabindex=\"-1\" >\n\t\t\tLeia mais \u00bb\t\t<\/a>\n\n\t\t\t\t<\/div>\n\t\t\t\t<\/article>\n\t\t\t\t<article class=\"elementor-post elementor-grid-item post-281 post type-post status-publish format-standard has-post-thumbnail hentry category-gases-medicinais-industriais-e-especiais tag-gases-medicinais tag-oxigenoterapia\" role=\"listitem\">\n\t\t\t\t<a class=\"elementor-post__thumbnail__link\" href=\"http:\/\/dioxoxigenio.com.br\/index.php\/2026\/02\/09\/oxigenio-medicinal-importancia-aplicacoes-e-seguranca-no-uso-hospitalar\/\" tabindex=\"-1\" >\n\t\t\t<div class=\"elementor-post__thumbnail\"><img loading=\"lazy\" decoding=\"async\" width=\"300\" height=\"200\" src=\"http:\/\/dioxoxigenio.com.br\/wp-content\/uploads\/2026\/02\/2-300x200.jpg\" class=\"attachment-medium size-medium wp-image-278\" alt=\"\" srcset=\"http:\/\/dioxoxigenio.com.br\/wp-content\/uploads\/2026\/02\/2-300x200.jpg 300w, http:\/\/dioxoxigenio.com.br\/wp-content\/uploads\/2026\/02\/2-768x512.jpg 768w, http:\/\/dioxoxigenio.com.br\/wp-content\/uploads\/2026\/02\/2.jpg 1000w\" sizes=\"(max-width: 300px) 100vw, 300px\" \/><\/div>\n\t\t<\/a>\n\t\t\t\t<div class=\"elementor-post__text\">\n\t\t\t\t<h3 class=\"elementor-post__title\">\n\t\t\t<a href=\"http:\/\/dioxoxigenio.com.br\/index.php\/2026\/02\/09\/oxigenio-medicinal-importancia-aplicacoes-e-seguranca-no-uso-hospitalar\/\" >\n\t\t\t\tOxig\u00eanio Medicinal: Import\u00e2ncia, Aplica\u00e7\u00f5es e Seguran\u00e7a no Uso Hospitalar\t\t\t<\/a>\n\t\t<\/h3>\n\t\t\t\t<div class=\"elementor-post__excerpt\">\n\t\t\t<p>O oxig\u00eanio medicinal \u00e9 um insumo vital na \u00e1rea da sa\u00fade, utilizado em hospitais, cl\u00ednicas, ambul\u00e2ncias e no atendimento domiciliar. Sua qualidade e pureza s\u00e3o fatores cr\u00edticos para a seguran\u00e7a do paciente. O que \u00e9 oxig\u00eanio medicinal? Diferente do oxig\u00eanio<\/p>\n\t\t<\/div>\n\t\t\n\t\t<a class=\"elementor-post__read-more\" href=\"http:\/\/dioxoxigenio.com.br\/index.php\/2026\/02\/09\/oxigenio-medicinal-importancia-aplicacoes-e-seguranca-no-uso-hospitalar\/\" aria-label=\"Read more about Oxig\u00eanio Medicinal: Import\u00e2ncia, Aplica\u00e7\u00f5es e Seguran\u00e7a no Uso Hospitalar\" tabindex=\"-1\" >\n\t\t\tLeia mais \u00bb\t\t<\/a>\n\n\t\t\t\t<\/div>\n\t\t\t\t<\/article>\n\t\t\t\t<article class=\"elementor-post elementor-grid-item post-276 post type-post status-publish format-standard has-post-thumbnail hentry category-gases-medicinais-industriais-e-especiais tag-fornecimento-de-gases tag-oxigenio-industrial\" role=\"listitem\">\n\t\t\t\t<a class=\"elementor-post__thumbnail__link\" href=\"http:\/\/dioxoxigenio.com.br\/index.php\/2026\/02\/09\/gases-industriais-o-que-sao-para-que-servem-e-como-escolher-o-fornecedor-ideal\/\" tabindex=\"-1\" >\n\t\t\t<div class=\"elementor-post__thumbnail\"><img loading=\"lazy\" decoding=\"async\" width=\"300\" height=\"200\" src=\"http:\/\/dioxoxigenio.com.br\/wp-content\/uploads\/2026\/02\/1-300x200.jpg\" class=\"attachment-medium size-medium wp-image-277\" alt=\"\" srcset=\"http:\/\/dioxoxigenio.com.br\/wp-content\/uploads\/2026\/02\/1-300x200.jpg 300w, http:\/\/dioxoxigenio.com.br\/wp-content\/uploads\/2026\/02\/1-768x512.jpg 768w, http:\/\/dioxoxigenio.com.br\/wp-content\/uploads\/2026\/02\/1.jpg 1000w\" sizes=\"(max-width: 300px) 100vw, 300px\" \/><\/div>\n\t\t<\/a>\n\t\t\t\t<div class=\"elementor-post__text\">\n\t\t\t\t<h3 class=\"elementor-post__title\">\n\t\t\t<a href=\"http:\/\/dioxoxigenio.com.br\/index.php\/2026\/02\/09\/gases-industriais-o-que-sao-para-que-servem-e-como-escolher-o-fornecedor-ideal\/\" >\n\t\t\t\tGases Industriais: O Que S\u00e3o, Para Que Servem e Como Escolher o Fornecedor Ideal\t\t\t<\/a>\n\t\t<\/h3>\n\t\t\t\t<div class=\"elementor-post__excerpt\">\n\t\t\t<p>Os gases industriais s\u00e3o fundamentais para o funcionamento de diversos setores produtivos, como metalurgia, sa\u00fade, alimentos, constru\u00e7\u00e3o civil e laborat\u00f3rios. Escolher o fornecedor correto impacta diretamente a seguran\u00e7a, efici\u00eancia operacional e custos da empresa. O que s\u00e3o gases industriais? Gases<\/p>\n\t\t<\/div>\n\t\t\n\t\t<a class=\"elementor-post__read-more\" href=\"http:\/\/dioxoxigenio.com.br\/index.php\/2026\/02\/09\/gases-industriais-o-que-sao-para-que-servem-e-como-escolher-o-fornecedor-ideal\/\" aria-label=\"Read more about Gases Industriais: O Que S\u00e3o, Para Que Servem e Como Escolher o Fornecedor Ideal\" tabindex=\"-1\" >\n\t\t\tLeia mais \u00bb\t\t<\/a>\n\n\t\t\t\t<\/div>\n\t\t\t\t<\/article>\n\t\t\t\t<\/div>\n\t\t\n\t\t\t\t\t\t<\/div>\n\t\t\t\t<\/div>\n\t\t\t\t<\/div>\n\t\t\t\t<\/div>\n\t\t\t\t\t<\/div>\n\t\t\t\t<\/div>\n\t\t\t\t<\/div>\n\t\t","protected":false},"excerpt":{"rendered":"<p>Diox Publica\u00e7\u00f5es home \/ Diox publica\u00e7\u00f5es<\/p>\n","protected":false},"author":1,"featured_media":0,"parent":0,"menu_order":0,"comment_status":"closed","ping_status":"closed","template":"","meta":{"footnotes":""},"class_list":["post-287","page","type-page","status-publish","hentry"],"_links":{"self":[{"href":"http:\/\/dioxoxigenio.com.br\/index.php\/wp-json\/wp\/v2\/pages\/287","targetHints":{"allow":["GET"]}}],"collection":[{"href":"http:\/\/dioxoxigenio.com.br\/index.php\/wp-json\/wp\/v2\/pages"}],"about":[{"href":"http:\/\/dioxoxigenio.com.br\/index.php\/wp-json\/wp\/v2\/types\/page"}],"author":[{"embeddable":true,"href":"http:\/\/dioxoxigenio.com.br\/index.php\/wp-json\/wp\/v2\/users\/1"}],"replies":[{"embeddable":true,"href":"http:\/\/dioxoxigenio.com.br\/index.php\/wp-json\/wp\/v2\/comments?post=287"}],"version-history":[{"count":5,"href":"http:\/\/dioxoxigenio.com.br\/index.php\/wp-json\/wp\/v2\/pages\/287\/revisions"}],"predecessor-version":[{"id":301,"href":"http:\/\/dioxoxigenio.com.br\/index.php\/wp-json\/wp\/v2\/pages\/287\/revisions\/301"}],"wp:attachment":[{"href":"http:\/\/dioxoxigenio.com.br\/index.php\/wp-json\/wp\/v2\/media?parent=287"}],"curies":[{"name":"wp","href":"https:\/\/api.w.org\/{rel}","templated":true}]}}