{"id":213,"date":"2026-02-06T11:39:14","date_gmt":"2026-02-06T14:39:14","guid":{"rendered":"http:\/\/dioxoxigenio.com.br\/?page_id=213"},"modified":"2026-03-02T18:58:11","modified_gmt":"2026-03-02T21:58:11","slug":"produtos-e-servicos","status":"publish","type":"page","link":"http:\/\/dioxoxigenio.com.br\/index.php\/produtos-e-servicos\/","title":{"rendered":"Produtos e Servi\u00e7os"},"content":{"rendered":"\t\t<div data-elementor-type=\"wp-page\" data-elementor-id=\"213\" class=\"elementor elementor-213\" data-elementor-post-type=\"page\">\n\t\t\t\t<div class=\"elementor-element elementor-element-791d6ec e-flex e-con-boxed e-con e-parent\" data-id=\"791d6ec\" data-element_type=\"container\">\n\t\t\t\t\t<div class=\"e-con-inner\">\n\t\t<div class=\"elementor-element elementor-element-311f722 e-con-full c_video e-flex e-con e-child\" data-id=\"311f722\" data-element_type=\"container\" data-settings=\"{&quot;background_background&quot;:&quot;video&quot;,&quot;background_play_on_mobile&quot;:&quot;yes&quot;}\">\n\t\t<div class=\"elementor-element elementor-element-6b1c137 e-con-full e-flex e-con e-child\" data-id=\"6b1c137\" data-element_type=\"container\">\n\t\t<div class=\"elementor-element elementor-element-220e349 e-con-full e-flex e-con e-child\" data-id=\"220e349\" data-element_type=\"container\">\n\t\t\t\t<div class=\"elementor-element elementor-element-85d0d03 elementor-widget elementor-widget-heading\" data-id=\"85d0d03\" data-element_type=\"widget\" data-widget_type=\"heading.default\">\n\t\t\t\t\t<h2 class=\"elementor-heading-title elementor-size-default\">Produtos e Servi\u00e7os<\/h2>\t\t\t\t<\/div>\n\t\t\t\t<div class=\"elementor-element elementor-element-50df4ab elementor-widget-divider--view-line elementor-widget elementor-widget-divider\" data-id=\"50df4ab\" data-element_type=\"widget\" data-widget_type=\"divider.default\">\n\t\t\t\t\t\t\t<div class=\"elementor-divider\">\n\t\t\t<span class=\"elementor-divider-separator\">\n\t\t\t\t\t\t<\/span>\n\t\t<\/div>\n\t\t\t\t\t\t<\/div>\n\t\t\t\t<\/div>\n\t\t<div class=\"elementor-element elementor-element-375f898 e-con-full e-flex e-con e-child\" data-id=\"375f898\" data-element_type=\"container\">\n\t\t\t\t<div class=\"elementor-element elementor-element-1c6fd0a elementor-widget elementor-widget-text-editor\" data-id=\"1c6fd0a\" data-element_type=\"widget\" data-widget_type=\"text-editor.default\">\n\t\t\t\t\t\t\t\t\t<p><a href=\"http:\/\/dioxoxigenio.com.br\/\">home<\/a> \/ Produtos e Servi\u00e7os<\/p>\t\t\t\t\t\t\t\t<\/div>\n\t\t\t\t<\/div>\n\t\t\t\t<\/div>\n\t\t<div class=\"elementor-element elementor-element-12642aa e-con-full e-flex e-con e-child\" data-id=\"12642aa\" data-element_type=\"container\" id=\"gasesmedicinais\">\n\t\t<div class=\"elementor-element elementor-element-099f0d5 e-con-full e-flex e-con e-child\" data-id=\"099f0d5\" data-element_type=\"container\" data-settings=\"{&quot;background_background&quot;:&quot;classic&quot;}\">\n\t\t\t\t<div class=\"elementor-element elementor-element-ae21fbe elementor-widget elementor-widget-heading\" data-id=\"ae21fbe\" data-element_type=\"widget\" data-widget_type=\"heading.default\">\n\t\t\t\t\t<h2 class=\"elementor-heading-title elementor-size-default\">Inova\u00e7\u00e3o<\/h2>\t\t\t\t<\/div>\n\t\t\t\t<\/div>\n\t\t<div class=\"elementor-element elementor-element-a9a6ae8 e-con-full e-flex e-con e-child\" data-id=\"a9a6ae8\" data-element_type=\"container\">\n\t\t\t\t<div class=\"elementor-element elementor-element-966f081 elementor-invisible elementor-widget elementor-widget-heading\" data-id=\"966f081\" data-element_type=\"widget\" data-settings=\"{&quot;_animation&quot;:&quot;zoomIn&quot;}\" data-widget_type=\"heading.default\">\n\t\t\t\t\t<h2 class=\"elementor-heading-title elementor-size-default\">Tornam a <b>DIOX<\/b> uma<br>\nempresa destaque.<\/h2>\t\t\t\t<\/div>\n\t\t\t\t<\/div>\n\t\t\t\t<\/div>\n\t\t<div class=\"elementor-element elementor-element-5bba28d e-con-full e-flex e-con e-child\" data-id=\"5bba28d\" data-element_type=\"container\">\n\t\t\t\t<div class=\"elementor-element elementor-element-57fa317 elementor-widget elementor-widget-heading\" data-id=\"57fa317\" data-element_type=\"widget\" data-widget_type=\"heading.default\">\n\t\t\t\t\t<h2 class=\"elementor-heading-title elementor-size-default\">Gases medicinais, industriais e especiais<\/h2>\t\t\t\t<\/div>\n\t\t\t\t<div class=\"elementor-element elementor-element-6affead elementor-widget elementor-widget-shortcode\" data-id=\"6affead\" data-element_type=\"widget\" data-widget_type=\"shortcode.default\">\n\t\t\t\t\t\t\t<div class=\"elementor-shortcode\">        <div class=\"produtoitem\">\n            <img decoding=\"async\" src=\"http:\/\/dioxoxigenio.com.br\/wp-content\/uploads\/2026\/02\/check_icon.png\" alt=\"Check\">\n            Misturas sob encomenda        <\/div>\n                <div class=\"produtoitem\">\n            <img decoding=\"async\" src=\"http:\/\/dioxoxigenio.com.br\/wp-content\/uploads\/2026\/02\/check_icon.png\" alt=\"Check\">\n            Ar sint\u00e9tico        <\/div>\n                <div class=\"produtoitem\">\n            <img decoding=\"async\" src=\"http:\/\/dioxoxigenio.com.br\/wp-content\/uploads\/2026\/02\/check_icon.png\" alt=\"Check\">\n            Hidrog\u00eanio        <\/div>\n                <div class=\"produtoitem\">\n            <img decoding=\"async\" src=\"http:\/\/dioxoxigenio.com.br\/wp-content\/uploads\/2026\/02\/check_icon.png\" alt=\"Check\">\n            H\u00e9lio        <\/div>\n                <div class=\"produtoitem\">\n            <img decoding=\"async\" src=\"http:\/\/dioxoxigenio.com.br\/wp-content\/uploads\/2026\/02\/check_icon.png\" alt=\"Check\">\n            Nitrog\u00eanio        <\/div>\n                <div class=\"produtoitem\">\n            <img decoding=\"async\" src=\"http:\/\/dioxoxigenio.com.br\/wp-content\/uploads\/2026\/02\/check_icon.png\" alt=\"Check\">\n            Di\u00f3xido de carbono (co2)        <\/div>\n                <div class=\"produtoitem\">\n            <img decoding=\"async\" src=\"http:\/\/dioxoxigenio.com.br\/wp-content\/uploads\/2026\/02\/check_icon.png\" alt=\"Check\">\n            Ar comprimido        <\/div>\n                <div class=\"produtoitem\">\n            <img decoding=\"async\" src=\"http:\/\/dioxoxigenio.com.br\/wp-content\/uploads\/2026\/02\/check_icon.png\" alt=\"Check\">\n            \u00d3xido nitroso        <\/div>\n                <div class=\"produtoitem\">\n            <img decoding=\"async\" src=\"http:\/\/dioxoxigenio.com.br\/wp-content\/uploads\/2026\/02\/check_icon.png\" alt=\"Check\">\n            Oxig\u00eanio l\u00edquido (em tanques)        <\/div>\n                <div class=\"produtoitem\">\n            <img decoding=\"async\" src=\"http:\/\/dioxoxigenio.com.br\/wp-content\/uploads\/2026\/02\/check_icon.png\" alt=\"Check\">\n            Oxig\u00eanio gasoso (em cilindros)        <\/div>\n        <\/div>\n\t\t\t\t\t\t<\/div>\n\t\t\t\t<\/div>\n\t\t<div class=\"elementor-element elementor-element-a9b4132 e-con-full e-flex e-con e-child\" data-id=\"a9b4132\" data-element_type=\"container\" id=\"equipamentos\">\n\t\t\t\t<div class=\"elementor-element elementor-element-a9b12b9 elementor-widget elementor-widget-heading\" data-id=\"a9b12b9\" data-element_type=\"widget\" data-widget_type=\"heading.default\">\n\t\t\t\t\t<h2 class=\"elementor-heading-title elementor-size-default\">Equipamentos<\/h2>\t\t\t\t<\/div>\n\t\t\t\t<div class=\"elementor-element elementor-element-304fd62 elementor-widget elementor-widget-shortcode\" data-id=\"304fd62\" data-element_type=\"widget\" data-widget_type=\"shortcode.default\">\n\t\t\t\t\t\t\t<div class=\"elementor-shortcode\">        <div class=\"produtoitem\">\n            <img decoding=\"async\" src=\"http:\/\/dioxoxigenio.com.br\/wp-content\/uploads\/2026\/02\/check_icon.png\" alt=\"Check\">\n            Sistemas para ar comprimido e v\u00e1cuo        <\/div>\n        <\/div>\n\t\t\t\t\t\t<\/div>\n\t\t\t\t<\/div>\n\t\t<div class=\"elementor-element elementor-element-d229abc e-con-full e-flex e-con e-child\" data-id=\"d229abc\" data-element_type=\"container\" id=\"equipamentosparagasoterapia\">\n\t\t\t\t<div class=\"elementor-element elementor-element-0656dfa elementor-widget elementor-widget-heading\" data-id=\"0656dfa\" data-element_type=\"widget\" data-widget_type=\"heading.default\">\n\t\t\t\t\t<h2 class=\"elementor-heading-title elementor-size-default\">Equipamentos para Gasoterapia<\/h2>\t\t\t\t<\/div>\n\t\t\t\t<div class=\"elementor-element elementor-element-12f7ea4 elementor-widget elementor-widget-shortcode\" data-id=\"12f7ea4\" data-element_type=\"widget\" data-widget_type=\"shortcode.default\">\n\t\t\t\t\t\t\t<div class=\"elementor-shortcode\">        <div class=\"produtoitem\">\n            <img decoding=\"async\" src=\"http:\/\/dioxoxigenio.com.br\/wp-content\/uploads\/2026\/02\/check_icon.png\" alt=\"Check\">\n            Mangueiras de o2, n2o e ar comprimido        <\/div>\n                <div class=\"produtoitem\">\n            <img decoding=\"async\" src=\"http:\/\/dioxoxigenio.com.br\/wp-content\/uploads\/2026\/02\/check_icon.png\" alt=\"Check\">\n            Tomadas-dupla        <\/div>\n                <div class=\"produtoitem\">\n            <img decoding=\"async\" src=\"http:\/\/dioxoxigenio.com.br\/wp-content\/uploads\/2026\/02\/check_icon.png\" alt=\"Check\">\n            Frascos coletores de 0,5, 1,0 e 5,0 lt        <\/div>\n                <div class=\"produtoitem\">\n            <img decoding=\"async\" src=\"http:\/\/dioxoxigenio.com.br\/wp-content\/uploads\/2026\/02\/check_icon.png\" alt=\"Check\">\n            Aspiradores a oxig\u00eanio\/ar comprimido        <\/div>\n                <div class=\"produtoitem\">\n            <img decoding=\"async\" src=\"http:\/\/dioxoxigenio.com.br\/wp-content\/uploads\/2026\/02\/check_icon.png\" alt=\"Check\">\n            Cateteres em silicone        <\/div>\n                <div class=\"produtoitem\">\n            <img decoding=\"async\" src=\"http:\/\/dioxoxigenio.com.br\/wp-content\/uploads\/2026\/02\/check_icon.png\" alt=\"Check\">\n            M\u00e1scaras de oxigenoterapia\/nebuliza\u00e7\u00e3o        <\/div>\n                <div class=\"produtoitem\">\n            <img decoding=\"async\" src=\"http:\/\/dioxoxigenio.com.br\/wp-content\/uploads\/2026\/02\/check_icon.png\" alt=\"Check\">\n            Flux\u00f4metros; umidificadores        <\/div>\n                <div class=\"produtoitem\">\n            <img decoding=\"async\" src=\"http:\/\/dioxoxigenio.com.br\/wp-content\/uploads\/2026\/02\/check_icon.png\" alt=\"Check\">\n            V\u00e1lvulas estabilizadoras de press\u00e3o        <\/div>\n                <div class=\"produtoitem\">\n            <img decoding=\"async\" src=\"http:\/\/dioxoxigenio.com.br\/wp-content\/uploads\/2026\/02\/check_icon.png\" alt=\"Check\">\n            Reguladores        <\/div>\n        <\/div>\n\t\t\t\t\t\t<\/div>\n\t\t\t\t<\/div>\n\t\t<div class=\"elementor-element elementor-element-50f925b e-con-full e-flex e-con e-child\" data-id=\"50f925b\" data-element_type=\"container\" id=\"servicostecnicos\">\n\t\t\t\t<div class=\"elementor-element elementor-element-4722215 elementor-widget elementor-widget-heading\" data-id=\"4722215\" data-element_type=\"widget\" data-widget_type=\"heading.default\">\n\t\t\t\t\t<h2 class=\"elementor-heading-title elementor-size-default\">Servi\u00e7os T\u00e9cnico com Gases Industriais\/Medicinais<\/h2>\t\t\t\t<\/div>\n\t\t\t\t<div class=\"elementor-element elementor-element-36e13e8 elementor-widget elementor-widget-shortcode\" data-id=\"36e13e8\" data-element_type=\"widget\" data-widget_type=\"shortcode.default\">\n\t\t\t\t\t\t\t<div class=\"elementor-shortcode\">        <div class=\"produtoitem\">\n            <img decoding=\"async\" src=\"http:\/\/dioxoxigenio.com.br\/wp-content\/uploads\/2026\/02\/check_icon.png\" alt=\"Check\">\n            Consultoria e treinamento        <\/div>\n                <div class=\"produtoitem\">\n            <img decoding=\"async\" src=\"http:\/\/dioxoxigenio.com.br\/wp-content\/uploads\/2026\/02\/check_icon.png\" alt=\"Check\">\n            Projeto e execu\u00e7\u00e3o de sistemas centralizados de gases        <\/div>\n        <\/div>\n\t\t\t\t\t\t<\/div>\n\t\t\t\t<\/div>\n\t\t\t\t<\/div>\n\t\t\t\t\t<\/div>\n\t\t\t\t<\/div>\n\t\t\t\t<\/div>\n\t\t","protected":false},"excerpt":{"rendered":"<p>Produtos e Servi\u00e7os home \/ Produtos e Servi\u00e7os Inova\u00e7\u00e3o Tornam a DIOX uma empresa destaque. Gases medicinais, industriais e especiais Equipamentos Equipamentos para Gasoterapia Servi\u00e7os T\u00e9cnico com Gases Industriais\/Medicinais<\/p>\n","protected":false},"author":1,"featured_media":0,"parent":0,"menu_order":0,"comment_status":"closed","ping_status":"closed","template":"","meta":{"footnotes":""},"class_list":["post-213","page","type-page","status-publish","hentry"],"_links":{"self":[{"href":"http:\/\/dioxoxigenio.com.br\/index.php\/wp-json\/wp\/v2\/pages\/213","targetHints":{"allow":["GET"]}}],"collection":[{"href":"http:\/\/dioxoxigenio.com.br\/index.php\/wp-json\/wp\/v2\/pages"}],"about":[{"href":"http:\/\/dioxoxigenio.com.br\/index.php\/wp-json\/wp\/v2\/types\/page"}],"author":[{"embeddable":true,"href":"http:\/\/dioxoxigenio.com.br\/index.php\/wp-json\/wp\/v2\/users\/1"}],"replies":[{"embeddable":true,"href":"http:\/\/dioxoxigenio.com.br\/index.php\/wp-json\/wp\/v2\/comments?post=213"}],"version-history":[{"count":37,"href":"http:\/\/dioxoxigenio.com.br\/index.php\/wp-json\/wp\/v2\/pages\/213\/revisions"}],"predecessor-version":[{"id":473,"href":"http:\/\/dioxoxigenio.com.br\/index.php\/wp-json\/wp\/v2\/pages\/213\/revisions\/473"}],"wp:attachment":[{"href":"http:\/\/dioxoxigenio.com.br\/index.php\/wp-json\/wp\/v2\/media?parent=213"}],"curies":[{"name":"wp","href":"https:\/\/api.w.org\/{rel}","templated":true}]}}